{"id":3811,"date":"2024-05-28T02:49:25","date_gmt":"2024-05-28T00:49:25","guid":{"rendered":"https:\/\/rollvis.com\/paliers-bu\/"},"modified":"2025-09-04T21:53:22","modified_gmt":"2025-09-04T19:53:22","slug":"paliers-bu","status":"publish","type":"page","link":"https:\/\/rollvis.com\/fr\/paliers-bu\/","title":{"rendered":"Paliers BU"},"content":{"rendered":"\t\t<div data-elementor-type=\"wp-page\" data-elementor-id=\"3811\" class=\"elementor elementor-3811 elementor-2620\" data-elementor-post-type=\"page\">\n\t\t\t\t\t\t<section class=\"elementor-section elementor-top-section elementor-element elementor-element-5baa0d1 elementor-section-boxed elementor-section-height-default elementor-section-height-default\" data-id=\"5baa0d1\" data-element_type=\"section\" data-e-type=\"section\">\n\t\t\t\t\t\t<div class=\"elementor-container elementor-column-gap-default\">\n\t\t\t\t\t<div class=\"elementor-column elementor-col-50 elementor-top-column elementor-element elementor-element-63144cc\" data-id=\"63144cc\" data-element_type=\"column\" data-e-type=\"column\">\n\t\t\t<div class=\"elementor-widget-wrap elementor-element-populated\">\n\t\t\t\t\t\t<div class=\"elementor-element elementor-element-e3975c9 elementor-hidden-desktop elementor-hidden-tablet elementor-widget elementor-widget-heading\" data-id=\"e3975c9\" data-element_type=\"widget\" data-e-type=\"widget\" data-widget_type=\"heading.default\">\n\t\t\t\t<div class=\"elementor-widget-container\">\n\t\t\t\t\t<h2 class=\"elementor-heading-title elementor-size-default\">Paliers BU<\/h2>\t\t\t\t<\/div>\n\t\t\t\t<\/div>\n\t\t\t\t<div class=\"elementor-element elementor-element-fabac3b elementor-widget elementor-widget-image\" data-id=\"fabac3b\" data-element_type=\"widget\" data-e-type=\"widget\" data-widget_type=\"image.default\">\n\t\t\t\t<div class=\"elementor-widget-container\">\n\t\t\t\t\t\t\t\t\t\t\t\t\t\t\t<img fetchpriority=\"high\" decoding=\"async\" width=\"525\" height=\"295\" src=\"https:\/\/rollvis.com\/wp-content\/uploads\/2024\/05\/BU-with-Screw-1024x576.jpg\" class=\"attachment-large size-large wp-image-2942\" alt=\"BU with Screw\" srcset=\"https:\/\/rollvis.com\/wp-content\/uploads\/2024\/05\/BU-with-Screw-1024x576.jpg 1024w, https:\/\/rollvis.com\/wp-content\/uploads\/2024\/05\/BU-with-Screw-300x169.jpg 300w, https:\/\/rollvis.com\/wp-content\/uploads\/2024\/05\/BU-with-Screw-768x432.jpg 768w, https:\/\/rollvis.com\/wp-content\/uploads\/2024\/05\/BU-with-Screw-1536x864.jpg 1536w, https:\/\/rollvis.com\/wp-content\/uploads\/2024\/05\/BU-with-Screw-2048x1152.jpg 2048w\" sizes=\"100vw\" \/>\t\t\t\t\t\t\t\t\t\t\t\t\t\t\t<\/div>\n\t\t\t\t<\/div>\n\t\t\t\t<section class=\"elementor-section elementor-inner-section elementor-element elementor-element-b4c9003 elementor-section-boxed elementor-section-height-default elementor-section-height-default\" data-id=\"b4c9003\" data-element_type=\"section\" data-e-type=\"section\">\n\t\t\t\t\t\t<div class=\"elementor-container elementor-column-gap-default\">\n\t\t\t\t\t<div class=\"elementor-column elementor-col-50 elementor-inner-column elementor-element elementor-element-5b7ca4b\" data-id=\"5b7ca4b\" data-element_type=\"column\" data-e-type=\"column\">\n\t\t\t<div class=\"elementor-widget-wrap elementor-element-populated\">\n\t\t\t\t\t\t<div class=\"elementor-element elementor-element-1e47eae elementor-align-center elementor-widget elementor-widget-button\" data-id=\"1e47eae\" data-element_type=\"widget\" data-e-type=\"widget\" data-settings=\"{&quot;_animation&quot;:&quot;none&quot;,&quot;_animation_delay&quot;:900}\" data-widget_type=\"button.default\">\n\t\t\t\t<div class=\"elementor-widget-container\">\n\t\t\t\t\t\t\t\t\t<div class=\"elementor-button-wrapper\">\n\t\t\t\t\t<a class=\"elementor-button elementor-button-link elementor-size-lg\" href=\"https:\/\/rollvis.com\/wp-content\/uploads\/2024\/03\/Product-Tables-BU-Support-Bearings-for-Planetary-Roller-Screw-EN.pdf\">\n\t\t\t\t\t\t<span class=\"elementor-button-content-wrapper\">\n\t\t\t\t\t\t\t\t\t<span class=\"elementor-button-text\">D\u00e9tails du produit BU<\/span>\n\t\t\t\t\t<\/span>\n\t\t\t\t\t<\/a>\n\t\t\t\t<\/div>\n\t\t\t\t\t\t\t\t<\/div>\n\t\t\t\t<\/div>\n\t\t\t\t\t<\/div>\n\t\t<\/div>\n\t\t\t\t<div class=\"elementor-column elementor-col-50 elementor-inner-column elementor-element elementor-element-d53eb39\" data-id=\"d53eb39\" data-element_type=\"column\" data-e-type=\"column\">\n\t\t\t<div class=\"elementor-widget-wrap elementor-element-populated\">\n\t\t\t\t\t\t<div class=\"elementor-element elementor-element-ab4c7ab elementor-align-center elementor-widget elementor-widget-button\" data-id=\"ab4c7ab\" data-element_type=\"widget\" data-e-type=\"widget\" data-settings=\"{&quot;_animation&quot;:&quot;none&quot;,&quot;_animation_delay&quot;:900}\" data-widget_type=\"button.default\">\n\t\t\t\t<div class=\"elementor-widget-container\">\n\t\t\t\t\t\t\t\t\t<div class=\"elementor-button-wrapper\">\n\t\t\t\t\t<a class=\"elementor-button elementor-button-link elementor-size-lg\" href=\"https:\/\/rollvis-embedded.partcommunity.com\/3d-cad-models\/bu1-bu2-bu3-bu4-bu5-bu6-bu7-bu8-bu9-bearing-units-for-roller-screws-rollvis?info=rollvis%2Fbu%2Fbu.prj\" target=\"_blank\">\n\t\t\t\t\t\t<span class=\"elementor-button-content-wrapper\">\n\t\t\t\t\t\t\t\t\t<span class=\"elementor-button-text\">3D CAD - Paliers BU<\/span>\n\t\t\t\t\t<\/span>\n\t\t\t\t\t<\/a>\n\t\t\t\t<\/div>\n\t\t\t\t\t\t\t\t<\/div>\n\t\t\t\t<\/div>\n\t\t\t\t\t<\/div>\n\t\t<\/div>\n\t\t\t\t\t<\/div>\n\t\t<\/section>\n\t\t\t\t\t<\/div>\n\t\t<\/div>\n\t\t\t\t<div class=\"elementor-column elementor-col-50 elementor-top-column elementor-element elementor-element-386b209\" data-id=\"386b209\" data-element_type=\"column\" data-e-type=\"column\">\n\t\t\t<div class=\"elementor-widget-wrap elementor-element-populated\">\n\t\t\t\t\t\t<div class=\"elementor-element elementor-element-0502b5b elementor-hidden-mobile elementor-widget elementor-widget-heading\" data-id=\"0502b5b\" data-element_type=\"widget\" data-e-type=\"widget\" data-widget_type=\"heading.default\">\n\t\t\t\t<div class=\"elementor-widget-container\">\n\t\t\t\t\t<h1 class=\"elementor-heading-title elementor-size-default\">Paliers BU<\/h1>\t\t\t\t<\/div>\n\t\t\t\t<\/div>\n\t\t\t\t<div class=\"elementor-element elementor-element-a190041 elementor-widget elementor-widget-text-editor\" data-id=\"a190041\" data-element_type=\"widget\" data-e-type=\"widget\" data-widget_type=\"text-editor.default\">\n\t\t\t\t<div class=\"elementor-widget-container\">\n\t\t\t\t\t\t\t\t\t<p>Les unit\u00e9s de roulements de support BU sont sp\u00e9cialement con\u00e7ues pour \u00eatre utilis\u00e9es avec des vis \u00e0 rouleaux plan\u00e9taires. La conception int\u00e8gre un jeu de roulements \u00e0 billes \u00e0 contact oblique s\u00e9rie 7300 (jusqu\u2019\u00e0 6) ainsi que des joints \u00e0 l\u00e8vres \u00e0 chaque extr\u00e9mit\u00e9. Chaque unit\u00e9 est livr\u00e9e avec un contre-\u00e9crou de pr\u00e9cision. Ceux-ci peuvent \u00eatre mont\u00e9s sur la vis \u00e0 rouleaux avant exp\u00e9dition au client.   <\/p>\t\t\t\t\t\t\t\t<\/div>\n\t\t\t\t<\/div>\n\t\t\t\t\t<\/div>\n\t\t<\/div>\n\t\t\t\t\t<\/div>\n\t\t<\/section>\n\t\t\t\t<section class=\"elementor-section elementor-top-section elementor-element elementor-element-5bb4c94 elementor-section-boxed elementor-section-height-default elementor-section-height-default\" data-id=\"5bb4c94\" data-element_type=\"section\" data-e-type=\"section\">\n\t\t\t\t\t\t<div class=\"elementor-container elementor-column-gap-default\">\n\t\t\t\t\t<div class=\"elementor-column elementor-col-50 elementor-top-column elementor-element elementor-element-455569c\" data-id=\"455569c\" data-element_type=\"column\" data-e-type=\"column\">\n\t\t\t<div class=\"elementor-widget-wrap elementor-element-populated\">\n\t\t\t\t\t\t<div class=\"elementor-element elementor-element-7c071af elementor-widget elementor-widget-heading\" data-id=\"7c071af\" data-element_type=\"widget\" data-e-type=\"widget\" data-widget_type=\"heading.default\">\n\t\t\t\t<div class=\"elementor-widget-container\">\n\t\t\t\t\t<h2 class=\"elementor-heading-title elementor-size-default\">caract\u00e9ristiques<\/h2>\t\t\t\t<\/div>\n\t\t\t\t<\/div>\n\t\t\t\t<div class=\"elementor-element elementor-element-fa61126 elementor-widget elementor-widget-text-editor\" data-id=\"fa61126\" data-element_type=\"widget\" data-e-type=\"widget\" data-widget_type=\"text-editor.default\">\n\t\t\t\t<div class=\"elementor-widget-container\">\n\t\t\t\t\t\t\t\t\t<ul><li style=\"list-style-type: none;\"><ul><li>Pour arbre avec un diam\u00e8tre de tourillon de 12 \u00e0 100 mm<\/li><li>Ca (capacit\u00e9 axiale dynamique) jusqu\u2019\u00e0 1 158 kN [260 000 lb]<\/li><li>Graiss\u00e9 \u00e0 vie<\/li><li>Comprend des joints \u00e0 l\u00e8vres aux deux extr\u00e9mit\u00e9s<\/li><li>Comprend un contre-\u00e9crou de pr\u00e9cision<\/li><\/ul><\/li><\/ul>\t\t\t\t\t\t\t\t<\/div>\n\t\t\t\t<\/div>\n\t\t\t\t\t<\/div>\n\t\t<\/div>\n\t\t\t\t<div class=\"elementor-column elementor-col-50 elementor-top-column elementor-element elementor-element-0844fac\" data-id=\"0844fac\" data-element_type=\"column\" data-e-type=\"column\">\n\t\t\t<div class=\"elementor-widget-wrap elementor-element-populated\">\n\t\t\t\t\t\t<div class=\"elementor-element elementor-element-1213e7d elementor-widget elementor-widget-heading\" data-id=\"1213e7d\" data-element_type=\"widget\" data-e-type=\"widget\" data-widget_type=\"heading.default\">\n\t\t\t\t<div class=\"elementor-widget-container\">\n\t\t\t\t\t<h2 class=\"elementor-heading-title elementor-size-default\">b\u00e9n\u00e9fices<\/h2>\t\t\t\t<\/div>\n\t\t\t\t<\/div>\n\t\t\t\t<div class=\"elementor-element elementor-element-56134a5 elementor-widget elementor-widget-text-editor\" data-id=\"56134a5\" data-element_type=\"widget\" data-e-type=\"widget\" data-widget_type=\"text-editor.default\">\n\t\t\t\t<div class=\"elementor-widget-container\">\n\t\t\t\t\t\t\t\t\t<p>Un ensemble soigneusement con\u00e7u qui comprend les roulements, les joints et le contre-\u00e9crou. Sp\u00e9cialement con\u00e7u pour \u00eatre utilis\u00e9 avec des vis \u00e0 rouleaux haute capacit\u00e9. <\/p>\t\t\t\t\t\t\t\t<\/div>\n\t\t\t\t<\/div>\n\t\t\t\t\t<\/div>\n\t\t<\/div>\n\t\t\t\t\t<\/div>\n\t\t<\/section>\n\t\t\t\t<section class=\"elementor-section elementor-top-section elementor-element elementor-element-65bb754 elementor-section-boxed elementor-section-height-default elementor-section-height-default\" data-id=\"65bb754\" data-element_type=\"section\" data-e-type=\"section\">\n\t\t\t\t\t\t<div class=\"elementor-container elementor-column-gap-default\">\n\t\t\t\t\t<div class=\"elementor-column elementor-col-100 elementor-top-column elementor-element elementor-element-2bd55d0\" data-id=\"2bd55d0\" data-element_type=\"column\" data-e-type=\"column\">\n\t\t\t<div class=\"elementor-widget-wrap elementor-element-populated\">\n\t\t\t\t\t\t<div class=\"elementor-element elementor-element-1fa8c78 elementor-widget elementor-widget-image\" data-id=\"1fa8c78\" data-element_type=\"widget\" data-e-type=\"widget\" data-widget_type=\"image.default\">\n\t\t\t\t<div class=\"elementor-widget-container\">\n\t\t\t\t\t\t\t\t\t\t\t\t\t\t\t<img decoding=\"async\" width=\"525\" height=\"344\" src=\"https:\/\/rollvis.com\/wp-content\/uploads\/2024\/05\/RV48-3-1024x671.jpg\" class=\"attachment-large size-large wp-image-2953\" alt=\"BU Mounted on a Roller Screw\" srcset=\"https:\/\/rollvis.com\/wp-content\/uploads\/2024\/05\/RV48-3-1024x671.jpg 1024w, https:\/\/rollvis.com\/wp-content\/uploads\/2024\/05\/RV48-3-300x197.jpg 300w, https:\/\/rollvis.com\/wp-content\/uploads\/2024\/05\/RV48-3-768x504.jpg 768w, https:\/\/rollvis.com\/wp-content\/uploads\/2024\/05\/RV48-3-1536x1007.jpg 1536w, https:\/\/rollvis.com\/wp-content\/uploads\/2024\/05\/RV48-3.jpg 1989w\" sizes=\"100vw\" \/>\t\t\t\t\t\t\t\t\t\t\t\t\t\t\t<\/div>\n\t\t\t\t<\/div>\n\t\t\t\t\t<\/div>\n\t\t<\/div>\n\t\t\t\t\t<\/div>\n\t\t<\/section>\n\t\t\t\t<section class=\"elementor-section elementor-top-section elementor-element elementor-element-e27ca21 elementor-section-boxed elementor-section-height-default elementor-section-height-default\" data-id=\"e27ca21\" data-element_type=\"section\" data-e-type=\"section\">\n\t\t\t\t\t\t<div class=\"elementor-container elementor-column-gap-default\">\n\t\t\t\t\t<div class=\"elementor-column elementor-col-100 elementor-top-column elementor-element elementor-element-02f4678\" data-id=\"02f4678\" data-element_type=\"column\" data-e-type=\"column\">\n\t\t\t<div class=\"elementor-widget-wrap elementor-element-populated\">\n\t\t\t\t\t\t<div class=\"elementor-element elementor-element-0eda9cf elementor-widget elementor-widget-heading\" data-id=\"0eda9cf\" data-element_type=\"widget\" data-e-type=\"widget\" data-widget_type=\"heading.default\">\n\t\t\t\t<div class=\"elementor-widget-container\">\n\t\t\t\t\t<h2 class=\"elementor-heading-title elementor-size-default\">Configurez vos fichiers CAD<\/h2>\t\t\t\t<\/div>\n\t\t\t\t<\/div>\n\t\t\t\t<div class=\"elementor-element elementor-element-ca76f4f elementor-widget elementor-widget-html\" data-id=\"ca76f4f\" data-element_type=\"widget\" data-e-type=\"widget\" data-widget_type=\"html.default\">\n\t\t\t\t<div class=\"elementor-widget-container\">\n\t\t\t\t\t<iframe src=\"https:\/\/rollvis-embedded.partcommunity.com\/3d-cad-models\/bu1-bu2-bu3-bu4-bu5-bu6-bu7-bu8-bu9-bearing-units-for-roller-screws-rollvis?info=rollvis%2Fbu%2Fbu.prj&amp;hidePortlets=searchHeader\" frameborder=\"0\" scrolling=\"yes\" width=\"10\" height=\"600\"><\/iframe>\t\t\t\t<\/div>\n\t\t\t\t<\/div>\n\t\t\t\t\t<\/div>\n\t\t<\/div>\n\t\t\t\t\t<\/div>\n\t\t<\/section>\n\t\t\t\t<\/div>\n\t\t","protected":false},"excerpt":{"rendered":"<p>Paliers BU D\u00e9tails du produit BU 3D CAD &#8211; Paliers BU Paliers BU Les unit\u00e9s de roulements de support BU sont sp\u00e9cialement con\u00e7ues pour \u00eatre utilis\u00e9es avec des vis \u00e0 rouleaux plan\u00e9taires. La conception int\u00e8gre un jeu de roulements \u00e0 billes \u00e0 contact oblique s\u00e9rie 7300 (jusqu\u2019\u00e0 6) ainsi que des joints \u00e0 l\u00e8vres \u00e0 &hellip; <\/p>\n<p class=\"link-more\"><a href=\"https:\/\/rollvis.com\/fr\/paliers-bu\/\" class=\"more-link\">Continuer la lecture<span class=\"screen-reader-text\"> de &laquo;&nbsp;Paliers BU&nbsp;&raquo;<\/span><\/a><\/p>\n","protected":false},"author":8,"featured_media":0,"parent":0,"menu_order":0,"comment_status":"closed","ping_status":"closed","template":"elementor_header_footer","meta":{"iawp_total_views":165,"footnotes":""},"class_list":["post-3811","page","type-page","status-publish","hentry"],"yoast_head":"<!-- This site is optimized with the Yoast SEO plugin v27.4 - https:\/\/yoast.com\/product\/yoast-seo-wordpress\/ -->\n<title>Paliers BU | Rollvis SA<\/title>\n<meta name=\"description\" content=\"Le BU de Rollvis est une unit\u00e9 de roulement de support, sp\u00e9cialement con\u00e7ue pour \u00eatre utilis\u00e9e avec des vis \u00e0 rouleaux plan\u00e9taires. Appelez aujourd&#039;hui pour en savoir plus!\" \/>\n<meta name=\"robots\" content=\"index, follow, max-snippet:-1, max-image-preview:large, max-video-preview:-1\" \/>\n<link rel=\"canonical\" href=\"https:\/\/rollvis.com\/fr\/paliers-bu\/\" \/>\n<meta property=\"og:locale\" content=\"fr_FR\" \/>\n<meta property=\"og:type\" content=\"article\" \/>\n<meta property=\"og:title\" content=\"Paliers BU | Rollvis SA\" \/>\n<meta property=\"og:description\" content=\"Le BU de Rollvis est une unit\u00e9 de roulement de support, sp\u00e9cialement con\u00e7ue pour \u00eatre utilis\u00e9e avec des vis \u00e0 rouleaux plan\u00e9taires. Appelez aujourd&#039;hui pour en savoir plus!\" \/>\n<meta property=\"og:url\" content=\"https:\/\/rollvis.com\/fr\/paliers-bu\/\" \/>\n<meta property=\"og:site_name\" content=\"Rollvis SA\" \/>\n<meta property=\"article:modified_time\" content=\"2025-09-04T19:53:22+00:00\" \/>\n<meta property=\"og:image\" content=\"https:\/\/rollvis.com\/wp-content\/uploads\/2024\/05\/BU-with-Screw-scaled.jpg\" \/>\n\t<meta property=\"og:image:width\" content=\"2560\" \/>\n\t<meta property=\"og:image:height\" content=\"1440\" \/>\n\t<meta property=\"og:image:type\" content=\"image\/jpeg\" \/>\n<meta name=\"twitter:card\" content=\"summary_large_image\" \/>\n<meta name=\"twitter:label1\" content=\"Dur\u00e9e de lecture estim\u00e9e\" \/>\n\t<meta name=\"twitter:data1\" content=\"2 minutes\" \/>\n<script type=\"application\/ld+json\" class=\"yoast-schema-graph\">{\"@context\":\"https:\\\/\\\/schema.org\",\"@graph\":[{\"@type\":\"WebPage\",\"@id\":\"https:\\\/\\\/rollvis.com\\\/fr\\\/paliers-bu\\\/\",\"url\":\"https:\\\/\\\/rollvis.com\\\/fr\\\/paliers-bu\\\/\",\"name\":\"Paliers BU | Rollvis SA\",\"isPartOf\":{\"@id\":\"https:\\\/\\\/rollvis.com\\\/fr\\\/#website\"},\"primaryImageOfPage\":{\"@id\":\"https:\\\/\\\/rollvis.com\\\/fr\\\/paliers-bu\\\/#primaryimage\"},\"image\":{\"@id\":\"https:\\\/\\\/rollvis.com\\\/fr\\\/paliers-bu\\\/#primaryimage\"},\"thumbnailUrl\":\"https:\\\/\\\/rollvis.com\\\/wp-content\\\/uploads\\\/2024\\\/05\\\/BU-with-Screw-1024x576.jpg\",\"datePublished\":\"2024-05-28T00:49:25+00:00\",\"dateModified\":\"2025-09-04T19:53:22+00:00\",\"description\":\"Le BU de Rollvis est une unit\u00e9 de roulement de support, sp\u00e9cialement con\u00e7ue pour \u00eatre utilis\u00e9e avec des vis \u00e0 rouleaux plan\u00e9taires. Appelez aujourd'hui pour en savoir plus!\",\"breadcrumb\":{\"@id\":\"https:\\\/\\\/rollvis.com\\\/fr\\\/paliers-bu\\\/#breadcrumb\"},\"inLanguage\":\"fr-FR\",\"potentialAction\":[{\"@type\":\"ReadAction\",\"target\":[\"https:\\\/\\\/rollvis.com\\\/fr\\\/paliers-bu\\\/\"]}]},{\"@type\":\"ImageObject\",\"inLanguage\":\"fr-FR\",\"@id\":\"https:\\\/\\\/rollvis.com\\\/fr\\\/paliers-bu\\\/#primaryimage\",\"url\":\"https:\\\/\\\/rollvis.com\\\/wp-content\\\/uploads\\\/2024\\\/05\\\/BU-with-Screw-1024x576.jpg\",\"contentUrl\":\"https:\\\/\\\/rollvis.com\\\/wp-content\\\/uploads\\\/2024\\\/05\\\/BU-with-Screw-1024x576.jpg\"},{\"@type\":\"BreadcrumbList\",\"@id\":\"https:\\\/\\\/rollvis.com\\\/fr\\\/paliers-bu\\\/#breadcrumb\",\"itemListElement\":[{\"@type\":\"ListItem\",\"position\":1,\"name\":\"Home\",\"item\":\"https:\\\/\\\/rollvis.com\\\/fr\\\/\"},{\"@type\":\"ListItem\",\"position\":2,\"name\":\"Paliers BU\"}]},{\"@type\":\"WebSite\",\"@id\":\"https:\\\/\\\/rollvis.com\\\/fr\\\/#website\",\"url\":\"https:\\\/\\\/rollvis.com\\\/fr\\\/\",\"name\":\"Rollvis SA\",\"description\":\"Planetary Roller Screws\",\"publisher\":{\"@id\":\"https:\\\/\\\/rollvis.com\\\/fr\\\/#organization\"},\"potentialAction\":[{\"@type\":\"SearchAction\",\"target\":{\"@type\":\"EntryPoint\",\"urlTemplate\":\"https:\\\/\\\/rollvis.com\\\/fr\\\/?s={search_term_string}\"},\"query-input\":{\"@type\":\"PropertyValueSpecification\",\"valueRequired\":true,\"valueName\":\"search_term_string\"}}],\"inLanguage\":\"fr-FR\"},{\"@type\":\"Organization\",\"@id\":\"https:\\\/\\\/rollvis.com\\\/fr\\\/#organization\",\"name\":\"Rollvis SA\",\"url\":\"https:\\\/\\\/rollvis.com\\\/fr\\\/\",\"logo\":{\"@type\":\"ImageObject\",\"inLanguage\":\"fr-FR\",\"@id\":\"https:\\\/\\\/rollvis.com\\\/fr\\\/#\\\/schema\\\/logo\\\/image\\\/\",\"url\":\"https:\\\/\\\/rollvis.com\\\/wp-content\\\/uploads\\\/2020\\\/04\\\/cropped-Rollvis-Logo-1.png\",\"contentUrl\":\"https:\\\/\\\/rollvis.com\\\/wp-content\\\/uploads\\\/2020\\\/04\\\/cropped-Rollvis-Logo-1.png\",\"width\":384,\"height\":250,\"caption\":\"Rollvis SA\"},\"image\":{\"@id\":\"https:\\\/\\\/rollvis.com\\\/fr\\\/#\\\/schema\\\/logo\\\/image\\\/\"}}]}<\/script>\n<!-- \/ Yoast SEO plugin. -->","yoast_head_json":{"title":"Paliers BU | Rollvis SA","description":"Le BU de Rollvis est une unit\u00e9 de roulement de support, sp\u00e9cialement con\u00e7ue pour \u00eatre utilis\u00e9e avec des vis \u00e0 rouleaux plan\u00e9taires. Appelez aujourd'hui pour en savoir plus!","robots":{"index":"index","follow":"follow","max-snippet":"max-snippet:-1","max-image-preview":"max-image-preview:large","max-video-preview":"max-video-preview:-1"},"canonical":"https:\/\/rollvis.com\/fr\/paliers-bu\/","og_locale":"fr_FR","og_type":"article","og_title":"Paliers BU | Rollvis SA","og_description":"Le BU de Rollvis est une unit\u00e9 de roulement de support, sp\u00e9cialement con\u00e7ue pour \u00eatre utilis\u00e9e avec des vis \u00e0 rouleaux plan\u00e9taires. Appelez aujourd'hui pour en savoir plus!","og_url":"https:\/\/rollvis.com\/fr\/paliers-bu\/","og_site_name":"Rollvis SA","article_modified_time":"2025-09-04T19:53:22+00:00","og_image":[{"width":2560,"height":1440,"url":"https:\/\/rollvis.com\/wp-content\/uploads\/2024\/05\/BU-with-Screw-scaled.jpg","type":"image\/jpeg"}],"twitter_card":"summary_large_image","twitter_misc":{"Dur\u00e9e de lecture estim\u00e9e":"2 minutes"},"schema":{"@context":"https:\/\/schema.org","@graph":[{"@type":"WebPage","@id":"https:\/\/rollvis.com\/fr\/paliers-bu\/","url":"https:\/\/rollvis.com\/fr\/paliers-bu\/","name":"Paliers BU | Rollvis SA","isPartOf":{"@id":"https:\/\/rollvis.com\/fr\/#website"},"primaryImageOfPage":{"@id":"https:\/\/rollvis.com\/fr\/paliers-bu\/#primaryimage"},"image":{"@id":"https:\/\/rollvis.com\/fr\/paliers-bu\/#primaryimage"},"thumbnailUrl":"https:\/\/rollvis.com\/wp-content\/uploads\/2024\/05\/BU-with-Screw-1024x576.jpg","datePublished":"2024-05-28T00:49:25+00:00","dateModified":"2025-09-04T19:53:22+00:00","description":"Le BU de Rollvis est une unit\u00e9 de roulement de support, sp\u00e9cialement con\u00e7ue pour \u00eatre utilis\u00e9e avec des vis \u00e0 rouleaux plan\u00e9taires. Appelez aujourd'hui pour en savoir plus!","breadcrumb":{"@id":"https:\/\/rollvis.com\/fr\/paliers-bu\/#breadcrumb"},"inLanguage":"fr-FR","potentialAction":[{"@type":"ReadAction","target":["https:\/\/rollvis.com\/fr\/paliers-bu\/"]}]},{"@type":"ImageObject","inLanguage":"fr-FR","@id":"https:\/\/rollvis.com\/fr\/paliers-bu\/#primaryimage","url":"https:\/\/rollvis.com\/wp-content\/uploads\/2024\/05\/BU-with-Screw-1024x576.jpg","contentUrl":"https:\/\/rollvis.com\/wp-content\/uploads\/2024\/05\/BU-with-Screw-1024x576.jpg"},{"@type":"BreadcrumbList","@id":"https:\/\/rollvis.com\/fr\/paliers-bu\/#breadcrumb","itemListElement":[{"@type":"ListItem","position":1,"name":"Home","item":"https:\/\/rollvis.com\/fr\/"},{"@type":"ListItem","position":2,"name":"Paliers BU"}]},{"@type":"WebSite","@id":"https:\/\/rollvis.com\/fr\/#website","url":"https:\/\/rollvis.com\/fr\/","name":"Rollvis SA","description":"Planetary Roller Screws","publisher":{"@id":"https:\/\/rollvis.com\/fr\/#organization"},"potentialAction":[{"@type":"SearchAction","target":{"@type":"EntryPoint","urlTemplate":"https:\/\/rollvis.com\/fr\/?s={search_term_string}"},"query-input":{"@type":"PropertyValueSpecification","valueRequired":true,"valueName":"search_term_string"}}],"inLanguage":"fr-FR"},{"@type":"Organization","@id":"https:\/\/rollvis.com\/fr\/#organization","name":"Rollvis SA","url":"https:\/\/rollvis.com\/fr\/","logo":{"@type":"ImageObject","inLanguage":"fr-FR","@id":"https:\/\/rollvis.com\/fr\/#\/schema\/logo\/image\/","url":"https:\/\/rollvis.com\/wp-content\/uploads\/2020\/04\/cropped-Rollvis-Logo-1.png","contentUrl":"https:\/\/rollvis.com\/wp-content\/uploads\/2020\/04\/cropped-Rollvis-Logo-1.png","width":384,"height":250,"caption":"Rollvis SA"},"image":{"@id":"https:\/\/rollvis.com\/fr\/#\/schema\/logo\/image\/"}}]}},"_links":{"self":[{"href":"https:\/\/rollvis.com\/fr\/wp-json\/wp\/v2\/pages\/3811","targetHints":{"allow":["GET"]}}],"collection":[{"href":"https:\/\/rollvis.com\/fr\/wp-json\/wp\/v2\/pages"}],"about":[{"href":"https:\/\/rollvis.com\/fr\/wp-json\/wp\/v2\/types\/page"}],"author":[{"embeddable":true,"href":"https:\/\/rollvis.com\/fr\/wp-json\/wp\/v2\/users\/8"}],"replies":[{"embeddable":true,"href":"https:\/\/rollvis.com\/fr\/wp-json\/wp\/v2\/comments?post=3811"}],"version-history":[{"count":15,"href":"https:\/\/rollvis.com\/fr\/wp-json\/wp\/v2\/pages\/3811\/revisions"}],"predecessor-version":[{"id":4789,"href":"https:\/\/rollvis.com\/fr\/wp-json\/wp\/v2\/pages\/3811\/revisions\/4789"}],"wp:attachment":[{"href":"https:\/\/rollvis.com\/fr\/wp-json\/wp\/v2\/media?parent=3811"}],"curies":[{"name":"wp","href":"https:\/\/api.w.org\/{rel}","templated":true}]}}